{"id":461,"date":"2022-02-22T10:58:12","date_gmt":"2022-02-22T09:58:12","guid":{"rendered":"https:\/\/pianoconcert.cat\/?page_id=461"},"modified":"2022-02-22T10:58:12","modified_gmt":"2022-02-22T09:58:12","slug":"quienes-somos","status":"publish","type":"page","link":"https:\/\/pianoconcert.cat\/es\/quienes-somos\/","title":{"rendered":"\u00bfQui\u00e9nes somos?"},"content":{"rendered":"<p>[et_pb_section fb_built=\u00bb1&#8243; _builder_version=\u00bb4.9.4&#8243; _module_preset=\u00bbdefault\u00bb custom_padding=\u00bb0px|||||\u00bb da_disable_devices=\u00bboff|off|off\u00bb da_is_popup=\u00bboff\u00bb da_exit_intent=\u00bboff\u00bb da_has_close=\u00bbon\u00bb da_alt_close=\u00bboff\u00bb da_dark_close=\u00bboff\u00bb da_not_modal=\u00bbon\u00bb da_is_singular=\u00bboff\u00bb da_with_loader=\u00bboff\u00bb da_has_shadow=\u00bbon\u00bb][et_pb_row _builder_version=\u00bb4.9.4&#8243; _module_preset=\u00bbdefault\u00bb hover_enabled=\u00bb0&#8243; sticky_enabled=\u00bb0&#8243;][et_pb_column type=\u00bb4_4&#8243; _builder_version=\u00bb4.9.4&#8243; _module_preset=\u00bbdefault\u00bb][et_pb_code _builder_version=\u00bb4.9.4&#8243; _module_preset=\u00bbdefault\u00bb]\n<style>\n\t#hotspot-456 .hotspots-image-container,\n\t#hotspot-456 .leaflet-container {\n\t\tbackground: #2d2d2d\t}\n\n\t#hotspot-456 .hotspots-placeholder {\n\t\tbackground: #2d2d2d;\n\t\tborder: 0 #2d2d2d solid;\n\t\tcolor: #DFEBE5;\n\t}\n\n\t#hotspot-456 .hotspot-title {\n\t\tcolor: #dca47d;\n\t}\n\n\t\t\t#hotspot-456 .hotspot-default {\n\t\t\tstroke-width: -1;\n\t\t\tfill: #ffffff;\n\t\t\tfill-opacity: 0;\n\t\t\tstroke: #ffffff;\n\t\t\tstroke-opacity: 0;\n\t\t}\n\t\t#hotspot-456 .hotspot-default:hover,\n\t\t#hotspot-456 .hotspot-default:focus,\n\t\t#hotspot-456 .hotspot-default.hotspot-active {\n\t\t\tfill: #ffffff;\n\t\t\tfill-opacity: 0.26;\n\t\t\tstroke: #235B6E;\n\t\t\tstroke-opacity: 0.01;\n\t\t}\n\t\t#hotspot-456 .leaflet-tooltip,\n\t#hotspot-456 .leaflet-rrose-content-wrapper {\n\t\tbackground: #2d2d2d;\n\t\tborder-color: #2d2d2d;\n\t\tcolor: #DFEBE5;\n\t}\n\n\t#hotspot-456 a.leaflet-rrose-close-button {\n\t\tcolor: #dca47d;\n\t}\n\n\t#hotspot-456 .leaflet-rrose-tip {\n\t\tbackground: #2d2d2d;\n\t}\n\n\t#hotspot-456 .leaflet-popup-scrolled {\n\t\tborder-bottom-color: #DFEBE5;\n\t\tborder-top-color: #DFEBE5;\n\t}\n\n\t#hotspot-456 .leaflet-tooltip-top:before {\n\t\tborder-top-color: #2d2d2d;\n\t}\n\n\t#hotspot-456 .leaflet-tooltip-bottom:before {\n\t\tborder-bottom-color: #2d2d2d;\n\t}\n\t#hotspot-456 .leaflet-tooltip-left:before {\n\t\tborder-left-color: #2d2d2d;\n\t}\n\t#hotspot-456 .leaflet-tooltip-right:before {\n\t\tborder-right-color: #2d2d2d;\n\t}\n<\/style>\n\n\n\t<div class=\"hotspots-container  layout-left event-click\" id=\"hotspot-456\" data-layout=\"left\" data-trigger=\"click\">\n\t\t<div class=\"hotspots-interaction\">\n\t\t\t\t<div class=\"hotspots-placeholder\" id=\"content-hotspot-456\">\n\t\t<div class=\"hotspot-initial\">\n\t\t\t\t\t\t\t\t\t<h2 class=\"hotspot-title\">\n\t\t\t\t\u00bfQui\u00e9nes somos?\t\t\t<\/h2>\n\t\t\t\t\t\t<div class=\"hotspot-content\">\n\t\t\t\t\t\t\t\t<p>En 1998 despu\u00e9s de a\u00f1os colaborando en diferentes proyectos, Xavier Clasc\u00e0, t\u00e9cnico afinador, y Pep L\u00f3pez m\u00fasico y t\u00e9cnico experimentado en maquinaria para el espect\u00e1culo, iniciamos este proyecto empresarial decididos a actualizar y modernizar el servicio de Alquiler de pianos de concierto.<br \/>\nOrganizamos la empresa en tres departamentos, Contrataci\u00f3n, log\u00edstica del transporte y mantenimiento y afinaci\u00f3n de los pianos.<br \/>\nEl principal objetivo es ofrecer un servicio de calidad, que d\u00e9 soluciones a m\u00fasicos y personas responsables de producci\u00f3n, que tienen la necesidad de contratar el servicio de un piano de alquiler.<br \/>\nLa experiencia es la base de nuestra actividad, ofreciendo diferentes opciones de alquiler a precios muy competitivos, cuidando los instrumentos, renov\u00e1ndolos y manteni\u00e9ndolos al m\u00e1ximo nivel.<br \/>\nSomos muy conscientes de las necesidades de los artistas.<br \/>\nMultidisciplinares, trabajamos para m\u00fasicos, instituciones, escuelas de m\u00fasica, salas de conciertos, programadores, particulares, adapt\u00e1ndonos siempre al tipo de espect\u00e1culo, a las necesidades de horarios de entrega y recogida como de afinaci\u00f3n del instrumento.<\/p>\n\t\t\t\t\t\t\t<\/div>\n\t\t<\/div>\n\t<\/div>\n<div class=\"hotspots-image-container\">\n\t<img\n\t\twidth=\"1500\"\n\t\theight=\"1001\"\n\t\tsrc=\"https:\/\/pianoconcert.cat\/wp-content\/uploads\/2021\/12\/Pianoconcert-20j.png\"\n\t\talt=\"\u00bfQui\u00e9nes somos?\"\n\t\tclass=\"hotspots-image skip-lazy\"\n\t\tusemap=\"#hotspots-image-456\"\n\t\tdata-image-title=\"\u00bfQui\u00e9nes somos?\"\n\t\tdata-image-description=\"En 1998 despu\u00e9s de a\u00f1os colaborando en diferentes proyectos, Xavier Clasc\u00e0, t\u00e9cnico afinador, y Pep L\u00f3pez m\u00fasico y t\u00e9cnico experimentado en maquinaria para el espect\u00e1culo, iniciamos este proyecto empresarial decididos a actualizar y modernizar el servicio de Alquiler de pianos de concierto.\r\nOrganizamos la empresa en tres departamentos, Contrataci\u00f3n, log\u00edstica del transporte y mantenimiento y afinaci\u00f3n de los pianos.\r\nEl principal objetivo es ofrecer un servicio de calidad, que d\u00e9 soluciones a m\u00fasicos y personas responsables de producci\u00f3n, que tienen la necesidad de contratar el servicio de un piano de alquiler.\r\nLa experiencia es la base de nuestra actividad, ofreciendo diferentes opciones de alquiler a precios muy competitivos, cuidando los instrumentos, renov\u00e1ndolos y manteni\u00e9ndolos al m\u00e1ximo nivel.\r\nSomos muy conscientes de las necesidades de los artistas.\r\nMultidisciplinares, trabajamos para m\u00fasicos, instituciones, escuelas de m\u00fasica, salas de conciertos, programadores, particulares, adapt\u00e1ndonos siempre al tipo de espect\u00e1culo, a las necesidades de horarios de entrega y recogida como de afinaci\u00f3n del instrumento.\"\n\t\tdata-event-trigger=\"click\"\n\t\tdata-always-visible=\"false\"\n\t\tdata-id=\"456\"\n\t\tdata-no-lazy=\"1\"\n\t\tdata-lazy-src=\"\"\n\t\tdata-lazy=\"false\"\n\t\tloading=\"eager\"\n\t\tdata-skip-lazy=\"1\"\n\t\t>\n<\/div>\t\t<\/div>\n\t\t<map name=\"hotspots-image-456\" class=\"hotspots-map\">\n\t\t\t\t\t\t\t\t\t\t\t<area\n\t\t\t\t\tshape=\"poly\"\n\t\t\t\t\tcoords=\"393,700,458,700,444,685,453,673,448,648,445,628,439,584,433,559,430,541,430,526,450,516,474,495,496,485,507,495,524,504,536,506,547,496,547,489,555,483,566,480,570,474,604,492,623,498,624,506,612,529,594,556,573,581,563,595,549,607,542,621,529,630,514,649,505,658,495,666,503,678,530,700,547,699,553,688,561,672,571,673,578,668,578,659,597,651,608,635,647,592,689,540,718,496,721,475,704,445,674,418,645,402,676,373,681,322,685,317,685,301,681,260,677,226,669,208,649,196,622,184,605,175,613,164,623,162,631,148,638,139,638,129,646,114,638,97,621,67,597,47,566,45,548,51,531,68,519,85,510,104,516,130,522,150,530,160,515,173,457,196,439,227,433,268,428,285,429,305,428,348,430,371,444,397,420,417,391,441,367,472,355,487,357,501,354,511,358,522\"\n\t\t\t\t\thref=\"#hotspot-hotspot-456-0\"\n\t\t\t\t\trel=\"\"\n\t\t\t\t\ttitle=\"Xavi Clasc\u00e0\"\n\t\t\t\t\talt=\"Xavi Clasc\u00e0\"\n\t\t\t\t\tdata-action=\"\"\n\t\t\t\t\tdata-color-scheme=\"\"\n\t\t\t\t\ttarget=\"\"\n\t\t\t\t\tclass=\"more-info-area\"\n\t\t\t\t\t>\n\t\t\t\t\t\t\t\t\t\t\t<area\n\t\t\t\t\tshape=\"poly\"\n\t\t\t\t\tcoords=\"893,49,868,52,855,64,849,87,845,109,851,145,861,157,873,173,876,182,865,190,842,209,827,224,816,248,814,266,811,279,812,289,806,312,807,318,805,344,799,371,800,409,765,422,744,435,731,453,734,476,744,512,756,548,787,591,809,631,817,644,810,657,794,667,788,679,790,697,843,696,913,698,915,688,915,668,922,662,911,642,913,631,925,595,939,548,947,528,948,504,947,495,981,482,1000,475,1011,478,1019,475,1030,460,1034,438,1033,411,1041,398,1028,339,1030,327,1021,270,1025,244,1017,217,995,189,956,171,938,156,932,145,940,134,942,112,938,104,936,86,929,67,913,54\"\n\t\t\t\t\thref=\"#hotspot-hotspot-456-1\"\n\t\t\t\t\trel=\"\"\n\t\t\t\t\ttitle=\"Pep Lopez\"\n\t\t\t\t\talt=\"Pep Lopez\"\n\t\t\t\t\tdata-action=\"\"\n\t\t\t\t\tdata-color-scheme=\"\"\n\t\t\t\t\ttarget=\"\"\n\t\t\t\t\tclass=\"more-info-area\"\n\t\t\t\t\t>\n\t\t\t\t\t<\/map>\n\n\t\t\n\t\t\t\t\t\n\t\t\t\t\t\t<div class=\"hotspot-info \" id=\"hotspot-hotspot-456-0\">\n\t\t\t\t\n\t\t\t\t<h2 class=\"hotspot-title\">Xavi Clasc\u00e0<\/h2>\t\t\t\t\t\t\t\t\t<div class=\"hotspot-thumb\">\n\t\t\t\t\t\t<img width=\"1024\" height=\"1024\" src=\"https:\/\/pianoconcert.cat\/wp-content\/uploads\/2021\/12\/Xavi-1024x1024.png\" class=\"attachment-large size-large\" alt=\"\" loading=\"lazy\" srcset=\"https:\/\/pianoconcert.cat\/wp-content\/uploads\/2021\/12\/Xavi-1024x1024.png 1024w, https:\/\/pianoconcert.cat\/wp-content\/uploads\/2021\/12\/Xavi-980x979.png 980w, https:\/\/pianoconcert.cat\/wp-content\/uploads\/2021\/12\/Xavi-480x480.png 480w\" sizes=\"(min-width: 0px) and (max-width: 480px) 480px, (min-width: 481px) and (max-width: 980px) 980px, (min-width: 981px) 1024px, 100vw\" \/>\t\t\t\t\t<\/div>\n\t\t\t\t\t\t\t\t<div class=\"hotspot-content\">\n\t\t\t\t\t<p>&nbsp;<\/p>\n<p style=\"text-align: left\"><strong>Xavi Clasc\u00e0<\/strong><\/p>\n<ul>\n<li style=\"text-align: left\">CEO<\/li>\n<li style=\"text-align: left\">Log\u00edstica &amp; T\u00e9cnico<\/li>\n<li style=\"text-align: left\">Afinador<\/li>\n<\/ul>\n\t\t\t\t<\/div>\n\t\t\t<\/div>\n\t\t\t\t\t\n\t\t\t\t\t\t<div class=\"hotspot-info \" id=\"hotspot-hotspot-456-1\">\n\t\t\t\t\n\t\t\t\t<h2 class=\"hotspot-title\">Pep Lopez<\/h2>\t\t\t\t\t\t\t\t\t<div class=\"hotspot-thumb\">\n\t\t\t\t\t\t<img width=\"1024\" height=\"1024\" src=\"https:\/\/pianoconcert.cat\/wp-content\/uploads\/2021\/12\/pep-1024x1024.png\" class=\"attachment-large size-large\" alt=\"\" loading=\"lazy\" srcset=\"https:\/\/pianoconcert.cat\/wp-content\/uploads\/2021\/12\/pep-1024x1024.png 1024w, https:\/\/pianoconcert.cat\/wp-content\/uploads\/2021\/12\/pep-980x980.png 980w, https:\/\/pianoconcert.cat\/wp-content\/uploads\/2021\/12\/pep-480x480.png 480w\" sizes=\"(min-width: 0px) and (max-width: 480px) 480px, (min-width: 481px) and (max-width: 980px) 980px, (min-width: 981px) 1024px, 100vw\" \/>\t\t\t\t\t<\/div>\n\t\t\t\t\t\t\t\t<div class=\"hotspot-content\">\n\t\t\t\t\t<p>&nbsp;<\/p>\n<p style=\"text-align: left\"><strong>Pep Lopez<\/strong><\/p>\n<ul>\n<li style=\"text-align: left\">CEO<\/li>\n<li style=\"text-align: left\">Log\u00edstica &amp; T\u00e9cnico<\/li>\n<li style=\"text-align: left\">Afinador<\/li>\n<\/ul>\n\t\t\t\t<\/div>\n\t\t\t<\/div>\n\t\t\t<\/div>\n\n[\/et_pb_code][\/et_pb_column][\/et_pb_row][\/et_pb_section]<\/p>\n","protected":false},"excerpt":{"rendered":"\n<style>\n\t#hotspot-456 .hotspots-image-container,\n\t#hotspot-456 .leaflet-container {\n\t\tbackground: #2d2d2d\t}\n\n\t#hotspot-456 .hotspots-placeholder {\n\t\tbackground: #2d2d2d;\n\t\tborder: 0 #2d2d2d solid;\n\t\tcolor: #DFEBE5;\n\t}\n\n\t#hotspot-456 .hotspot-title {\n\t\tcolor: #dca47d;\n\t}\n\n\t\t\t#hotspot-456 .hotspot-default {\n\t\t\tstroke-width: -1;\n\t\t\tfill: #ffffff;\n\t\t\tfill-opacity: 0;\n\t\t\tstroke: #ffffff;\n\t\t\tstroke-opacity: 0;\n\t\t}\n\t\t#hotspot-456 .hotspot-default:hover,\n\t\t#hotspot-456 .hotspot-default:focus,\n\t\t#hotspot-456 .hotspot-default.hotspot-active {\n\t\t\tfill: #ffffff;\n\t\t\tfill-opacity: 0.26;\n\t\t\tstroke: #235B6E;\n\t\t\tstroke-opacity: 0.01;\n\t\t}\n\t\t#hotspot-456 .leaflet-tooltip,\n\t#hotspot-456 .leaflet-rrose-content-wrapper {\n\t\tbackground: #2d2d2d;\n\t\tborder-color: #2d2d2d;\n\t\tcolor: #DFEBE5;\n\t}\n\n\t#hotspot-456 a.leaflet-rrose-close-button {\n\t\tcolor: #dca47d;\n\t}\n\n\t#hotspot-456 .leaflet-rrose-tip {\n\t\tbackground: #2d2d2d;\n\t}\n\n\t#hotspot-456 .leaflet-popup-scrolled {\n\t\tborder-bottom-color: #DFEBE5;\n\t\tborder-top-color: #DFEBE5;\n\t}\n\n\t#hotspot-456 .leaflet-tooltip-top:before {\n\t\tborder-top-color: #2d2d2d;\n\t}\n\n\t#hotspot-456 .leaflet-tooltip-bottom:before {\n\t\tborder-bottom-color: #2d2d2d;\n\t}\n\t#hotspot-456 .leaflet-tooltip-left:before {\n\t\tborder-left-color: #2d2d2d;\n\t}\n\t#hotspot-456 .leaflet-tooltip-right:before {\n\t\tborder-right-color: #2d2d2d;\n\t}\n<\/style>\n\n\n\t<div class=\"hotspots-container  layout-left event-click\" id=\"hotspot-456\" data-layout=\"left\" data-trigger=\"click\">\n\t\t<div class=\"hotspots-interaction\">\n\t\t\t\t<div class=\"hotspots-placeholder\" id=\"content-hotspot-456\">\n\t\t<div class=\"hotspot-initial\">\n\t\t\t\t\t\t\t\t\t<h2 class=\"hotspot-title\">\n\t\t\t\t\u00bfQui\u00e9nes somos?\t\t\t<\/h2>\n\t\t\t\t\t\t<div class=\"hotspot-content\">\n\t\t\t\t\t\t\t\t<p>En 1998 despu\u00e9s de a\u00f1os colaborando en diferentes proyectos, Xavier Clasc\u00e0, t\u00e9cnico afinador, y Pep L\u00f3pez m\u00fasico y t\u00e9cnico experimentado en maquinaria para el espect\u00e1culo, iniciamos este proyecto empresarial decididos a actualizar y modernizar el servicio de Alquiler de pianos de concierto.<br \/>\nOrganizamos la empresa en tres departamentos, Contrataci\u00f3n, log\u00edstica del transporte y mantenimiento y afinaci\u00f3n de los pianos.<br \/>\nEl principal objetivo es ofrecer un servicio de calidad, que d\u00e9 soluciones a m\u00fasicos y personas responsables de producci\u00f3n, que tienen la necesidad de contratar el servicio de un piano de alquiler.<br \/>\nLa experiencia es la base de nuestra actividad, ofreciendo diferentes opciones de alquiler a precios muy competitivos, cuidando los instrumentos, renov\u00e1ndolos y manteni\u00e9ndolos al m\u00e1ximo nivel.<br \/>\nSomos muy conscientes de las necesidades de los artistas.<br \/>\nMultidisciplinares, trabajamos para m\u00fasicos, instituciones, escuelas de m\u00fasica, salas de conciertos, programadores, particulares, adapt\u00e1ndonos siempre al tipo de espect\u00e1culo, a las necesidades de horarios de entrega y recogida como de afinaci\u00f3n del instrumento.<\/p>\n\t\t\t\t\t\t\t<\/div>\n\t\t<\/div>\n\t<\/div>\n<div class=\"hotspots-image-container\">\n\t<img\n\t\twidth=\"1500\"\n\t\theight=\"1001\"\n\t\tsrc=\"https:\/\/pianoconcert.cat\/wp-content\/uploads\/2021\/12\/Pianoconcert-20j.png\"\n\t\talt=\"\u00bfQui\u00e9nes somos?\"\n\t\tclass=\"hotspots-image skip-lazy\"\n\t\tusemap=\"#hotspots-image-456\"\n\t\tdata-image-title=\"\u00bfQui\u00e9nes somos?\"\n\t\tdata-image-description=\"En 1998 despu\u00e9s de a\u00f1os colaborando en diferentes proyectos, Xavier Clasc\u00e0, t\u00e9cnico afinador, y Pep L\u00f3pez m\u00fasico y t\u00e9cnico experimentado en maquinaria para el espect\u00e1culo, iniciamos este proyecto empresarial decididos a actualizar y modernizar el servicio de Alquiler de pianos de concierto.\r\nOrganizamos la empresa en tres departamentos, Contrataci\u00f3n, log\u00edstica del transporte y mantenimiento y afinaci\u00f3n de los pianos.\r\nEl principal objetivo es ofrecer un servicio de calidad, que d\u00e9 soluciones a m\u00fasicos y personas responsables de producci\u00f3n, que tienen la necesidad de contratar el servicio de un piano de alquiler.\r\nLa experiencia es la base de nuestra actividad, ofreciendo diferentes opciones de alquiler a precios muy competitivos, cuidando los instrumentos, renov\u00e1ndolos y manteni\u00e9ndolos al m\u00e1ximo nivel.\r\nSomos muy conscientes de las necesidades de los artistas.\r\nMultidisciplinares, trabajamos para m\u00fasicos, instituciones, escuelas de m\u00fasica, salas de conciertos, programadores, particulares, adapt\u00e1ndonos siempre al tipo de espect\u00e1culo, a las necesidades de horarios de entrega y recogida como de afinaci\u00f3n del instrumento.\"\n\t\tdata-event-trigger=\"click\"\n\t\tdata-always-visible=\"false\"\n\t\tdata-id=\"456\"\n\t\tdata-no-lazy=\"1\"\n\t\tdata-lazy-src=\"\"\n\t\tdata-lazy=\"false\"\n\t\tloading=\"eager\"\n\t\tdata-skip-lazy=\"1\"\n\t\t>\n<\/div>\t\t<\/div>\n\t\t<map name=\"hotspots-image-456\" class=\"hotspots-map\">\n\t\t\t\t\t\t\t\t\t\t\t<area\n\t\t\t\t\tshape=\"poly\"\n\t\t\t\t\tcoords=\"393,700,458,700,444,685,453,673,448,648,445,628,439,584,433,559,430,541,430,526,450,516,474,495,496,485,507,495,524,504,536,506,547,496,547,489,555,483,566,480,570,474,604,492,623,498,624,506,612,529,594,556,573,581,563,595,549,607,542,621,529,630,514,649,505,658,495,666,503,678,530,700,547,699,553,688,561,672,571,673,578,668,578,659,597,651,608,635,647,592,689,540,718,496,721,475,704,445,674,418,645,402,676,373,681,322,685,317,685,301,681,260,677,226,669,208,649,196,622,184,605,175,613,164,623,162,631,148,638,139,638,129,646,114,638,97,621,67,597,47,566,45,548,51,531,68,519,85,510,104,516,130,522,150,530,160,515,173,457,196,439,227,433,268,428,285,429,305,428,348,430,371,444,397,420,417,391,441,367,472,355,487,357,501,354,511,358,522\"\n\t\t\t\t\thref=\"#hotspot-hotspot-456-0\"\n\t\t\t\t\trel=\"\"\n\t\t\t\t\ttitle=\"Xavi Clasc\u00e0\"\n\t\t\t\t\talt=\"Xavi Clasc\u00e0\"\n\t\t\t\t\tdata-action=\"\"\n\t\t\t\t\tdata-color-scheme=\"\"\n\t\t\t\t\ttarget=\"\"\n\t\t\t\t\tclass=\"more-info-area\"\n\t\t\t\t\t>\n\t\t\t\t\t\t\t\t\t\t\t<area\n\t\t\t\t\tshape=\"poly\"\n\t\t\t\t\tcoords=\"893,49,868,52,855,64,849,87,845,109,851,145,861,157,873,173,876,182,865,190,842,209,827,224,816,248,814,266,811,279,812,289,806,312,807,318,805,344,799,371,800,409,765,422,744,435,731,453,734,476,744,512,756,548,787,591,809,631,817,644,810,657,794,667,788,679,790,697,843,696,913,698,915,688,915,668,922,662,911,642,913,631,925,595,939,548,947,528,948,504,947,495,981,482,1000,475,1011,478,1019,475,1030,460,1034,438,1033,411,1041,398,1028,339,1030,327,1021,270,1025,244,1017,217,995,189,956,171,938,156,932,145,940,134,942,112,938,104,936,86,929,67,913,54\"\n\t\t\t\t\thref=\"#hotspot-hotspot-456-1\"\n\t\t\t\t\trel=\"\"\n\t\t\t\t\ttitle=\"Pep Lopez\"\n\t\t\t\t\talt=\"Pep Lopez\"\n\t\t\t\t\tdata-action=\"\"\n\t\t\t\t\tdata-color-scheme=\"\"\n\t\t\t\t\ttarget=\"\"\n\t\t\t\t\tclass=\"more-info-area\"\n\t\t\t\t\t>\n\t\t\t\t\t<\/map>\n\n\t\t\n\t\t\t\t\t\n\t\t\t\t\t\t<div class=\"hotspot-info \" id=\"hotspot-hotspot-456-0\">\n\t\t\t\t\n\t\t\t\t<h2 class=\"hotspot-title\">Xavi Clasc\u00e0<\/h2>\t\t\t\t\t\t\t\t\t<div class=\"hotspot-thumb\">\n\t\t\t\t\t\t<img width=\"1024\" height=\"1024\" src=\"https:\/\/pianoconcert.cat\/wp-content\/uploads\/2021\/12\/Xavi-1024x1024.png\" class=\"attachment-large size-large\" alt=\"\" loading=\"lazy\" srcset=\"https:\/\/pianoconcert.cat\/wp-content\/uploads\/2021\/12\/Xavi-1024x1024.png 1024w, https:\/\/pianoconcert.cat\/wp-content\/uploads\/2021\/12\/Xavi-980x979.png 980w, https:\/\/pianoconcert.cat\/wp-content\/uploads\/2021\/12\/Xavi-480x480.png 480w\" sizes=\"(min-width: 0px) and (max-width: 480px) 480px, (min-width: 481px) and (max-width: 980px) 980px, (min-width: 981px) 1024px, 100vw\" \/>\t\t\t\t\t<\/div>\n\t\t\t\t\t\t\t\t<div class=\"hotspot-content\">\n\t\t\t\t\t<p>&nbsp;<\/p>\n<p style=\"text-align: left\"><strong>Xavi Clasc\u00e0<\/strong><\/p>\n<ul>\n<li style=\"text-align: left\">CEO<\/li>\n<li style=\"text-align: left\">Log\u00edstica &amp; T\u00e9cnico<\/li>\n<li style=\"text-align: left\">Afinador<\/li>\n<\/ul>\n\t\t\t\t<\/div>\n\t\t\t<\/div>\n\t\t\t\t\t\n\t\t\t\t\t\t<div class=\"hotspot-info \" id=\"hotspot-hotspot-456-1\">\n\t\t\t\t\n\t\t\t\t<h2 class=\"hotspot-title\">Pep Lopez<\/h2>\t\t\t\t\t\t\t\t\t<div class=\"hotspot-thumb\">\n\t\t\t\t\t\t<img width=\"1024\" height=\"1024\" src=\"https:\/\/pianoconcert.cat\/wp-content\/uploads\/2021\/12\/pep-1024x1024.png\" class=\"attachment-large size-large\" alt=\"\" loading=\"lazy\" srcset=\"https:\/\/pianoconcert.cat\/wp-content\/uploads\/2021\/12\/pep-1024x1024.png 1024w, https:\/\/pianoconcert.cat\/wp-content\/uploads\/2021\/12\/pep-980x980.png 980w, https:\/\/pianoconcert.cat\/wp-content\/uploads\/2021\/12\/pep-480x480.png 480w\" sizes=\"(min-width: 0px) and (max-width: 480px) 480px, (min-width: 481px) and (max-width: 980px) 980px, (min-width: 981px) 1024px, 100vw\" \/>\t\t\t\t\t<\/div>\n\t\t\t\t\t\t\t\t<div class=\"hotspot-content\">\n\t\t\t\t\t<p>&nbsp;<\/p>\n<p style=\"text-align: left\"><strong>Pep Lopez<\/strong><\/p>\n<ul>\n<li style=\"text-align: left\">CEO<\/li>\n<li style=\"text-align: left\">Log\u00edstica &amp; T\u00e9cnico<\/li>\n<li style=\"text-align: left\">Afinador<\/li>\n<\/ul>\n\t\t\t\t<\/div>\n\t\t\t<\/div>\n\t\t\t<\/div>\n\n\n","protected":false},"author":1,"featured_media":0,"parent":0,"menu_order":0,"comment_status":"closed","ping_status":"closed","template":"","meta":{"_et_pb_use_builder":"on","_et_pb_old_content":"","_et_gb_content_width":""},"_links":{"self":[{"href":"https:\/\/pianoconcert.cat\/es\/wp-json\/wp\/v2\/pages\/461"}],"collection":[{"href":"https:\/\/pianoconcert.cat\/es\/wp-json\/wp\/v2\/pages"}],"about":[{"href":"https:\/\/pianoconcert.cat\/es\/wp-json\/wp\/v2\/types\/page"}],"author":[{"embeddable":true,"href":"https:\/\/pianoconcert.cat\/es\/wp-json\/wp\/v2\/users\/1"}],"replies":[{"embeddable":true,"href":"https:\/\/pianoconcert.cat\/es\/wp-json\/wp\/v2\/comments?post=461"}],"version-history":[{"count":2,"href":"https:\/\/pianoconcert.cat\/es\/wp-json\/wp\/v2\/pages\/461\/revisions"}],"predecessor-version":[{"id":463,"href":"https:\/\/pianoconcert.cat\/es\/wp-json\/wp\/v2\/pages\/461\/revisions\/463"}],"wp:attachment":[{"href":"https:\/\/pianoconcert.cat\/es\/wp-json\/wp\/v2\/media?parent=461"}],"curies":[{"name":"wp","href":"https:\/\/api.w.org\/{rel}","templated":true}]}}