{"id":429,"date":"2022-02-22T10:00:34","date_gmt":"2022-02-22T09:00:34","guid":{"rendered":"https:\/\/pianoconcert.cat\/?page_id=429"},"modified":"2022-02-22T10:33:19","modified_gmt":"2022-02-22T09:33:19","slug":"contacto","status":"publish","type":"page","link":"https:\/\/pianoconcert.cat\/es\/contacto\/","title":{"rendered":"Contacto"},"content":{"rendered":"<p>[et_pb_section fb_built=\u00bb1&#8243; _builder_version=\u00bb4.9.4&#8243; _module_preset=\u00bbdefault\u00bb custom_padding=\u00bb33px|||||\u00bb da_disable_devices=\u00bboff|off|off\u00bb global_colors_info=\u00bb{}\u00bb da_is_popup=\u00bboff\u00bb da_exit_intent=\u00bboff\u00bb da_has_close=\u00bbon\u00bb da_alt_close=\u00bboff\u00bb da_dark_close=\u00bboff\u00bb da_not_modal=\u00bbon\u00bb da_is_singular=\u00bboff\u00bb da_with_loader=\u00bboff\u00bb da_has_shadow=\u00bbon\u00bb][et_pb_row column_structure=\u00bb1_2,1_2&#8243; _builder_version=\u00bb4.9.4&#8243; _module_preset=\u00bbdefault\u00bb global_colors_info=\u00bb{}\u00bb][et_pb_column type=\u00bb1_2&#8243; _builder_version=\u00bb4.9.4&#8243; _module_preset=\u00bbdefault\u00bb global_colors_info=\u00bb{}\u00bb][et_pb_image src=\u00bbhttps:\/\/pianoconcert.cat\/wp-content\/uploads\/2022\/01\/roser-optimitzada.png\u00bb title_text=\u00bbroser optimitzada\u00bb _builder_version=\u00bb4.9.4&#8243; _module_preset=\u00bbdefault\u00bb width=\u00bb77%\u00bb module_alignment=\u00bbcenter\u00bb global_colors_info=\u00bb{}\u00bb][\/et_pb_image][\/et_pb_column][et_pb_column type=\u00bb1_2&#8243; _builder_version=\u00bb4.9.4&#8243; _module_preset=\u00bbdefault\u00bb global_colors_info=\u00bb{}\u00bb][et_pb_text _builder_version=\u00bb4.14.8&#8243; _module_preset=\u00bbdefault\u00bb text_font=\u00bb|300|||||||\u00bb text_font_size=\u00bb22px\u00bb text_orientation=\u00bbcenter\u00bb custom_margin=\u00bb5%||||false|false\u00bb hover_enabled=\u00bb0&#8243; global_colors_info=\u00bb{}\u00bb sticky_enabled=\u00bb0&#8243;]Si est\u00e1s interesado en alguno de nuestros servicios, por favor, ponte en contacto con nosotros.[\/et_pb_text][et_pb_text _builder_version=\u00bb4.14.8&#8243; _module_preset=\u00bbdefault\u00bb text_font=\u00bb|300|||||||\u00bb text_font_size=\u00bb22px\u00bb text_orientation=\u00bbcenter\u00bb hover_enabled=\u00bb0&#8243; global_colors_info=\u00bb{}\u00bb sticky_enabled=\u00bb0&#8243;]Ll\u00e1manos al siguiente tel\u00e9fono:[\/et_pb_text][et_pb_text _builder_version=\u00bb4.9.4&#8243; _module_preset=\u00bbdefault\u00bb text_font=\u00bb|300|||||||\u00bb text_font_size=\u00bb22px\u00bb text_orientation=\u00bbcenter\u00bb global_colors_info=\u00bb{}\u00bb]<\/p>\n<p><a href=\"tel:938748555\">938 748 555<\/a><\/p>\n<p>[\/et_pb_text][et_pb_text _builder_version=\u00bb4.14.8&#8243; _module_preset=\u00bbdefault\u00bb text_font=\u00bb|300|||||||\u00bb text_font_size=\u00bb22px\u00bb text_orientation=\u00bbcenter\u00bb hover_enabled=\u00bb0&#8243; global_colors_info=\u00bb{}\u00bb sticky_enabled=\u00bb0&#8243;]O haz tu consulta envi\u00e1ndonos un mail:[\/et_pb_text][et_pb_text _builder_version=\u00bb4.9.4&#8243; _module_preset=\u00bbdefault\u00bb text_font=\u00bb|300|||||||\u00bb text_font_size=\u00bb22px\u00bb text_orientation=\u00bbcenter\u00bb global_colors_info=\u00bb{}\u00bb]<\/p>\n<p><a href=\"mailto:pianoconcert@pianoconcert.cat\">pianoconcert@pianoconcert.cat<\/a><\/p>\n<p>[\/et_pb_text][et_pb_text _builder_version=\u00bb4.14.8&#8243; _module_preset=\u00bbdefault\u00bb text_font=\u00bb|300|||||||\u00bb text_font_size=\u00bb22px\u00bb text_orientation=\u00bbcenter\u00bb hover_enabled=\u00bb0&#8243; global_colors_info=\u00bb{}\u00bb sticky_enabled=\u00bb0&#8243;]Estaremos encantados de atenderte y resolver cualquier duda que puedas tener.[\/et_pb_text][\/et_pb_column][\/et_pb_row][et_pb_row column_structure=\u00bb1_2,1_2&#8243; _builder_version=\u00bb4.9.4&#8243; _module_preset=\u00bbdefault\u00bb global_colors_info=\u00bb{}\u00bb][et_pb_column type=\u00bb1_2&#8243; _builder_version=\u00bb4.9.4&#8243; _module_preset=\u00bbdefault\u00bb global_colors_info=\u00bb{}\u00bb][et_pb_image src=\u00bbhttps:\/\/pianoconcert.cat\/wp-content\/uploads\/2021\/04\/Logo-pianoconcert-6.png\u00bb title_text=\u00bbLogo-pianoconcert-6&#8243; align=\u00bbcenter\u00bb _builder_version=\u00bb4.9.4&#8243; _module_preset=\u00bbdefault\u00bb background_color=\u00bb#000000&#8243; max_width=\u00bb80%\u00bb custom_padding=\u00bb18px||31px||false|false\u00bb global_colors_info=\u00bb{}\u00bb][\/et_pb_image][et_pb_text _builder_version=\u00bb4.9.4&#8243; _module_preset=\u00bbdefault\u00bb custom_padding=\u00bb|||10%|false|false\u00bb global_colors_info=\u00bb{}\u00bb]<\/p>\n<p><span>LLOGUER DE PIANOS DE CONCERT, S.L.<\/span><br \/><span>Era de L\u2019Esquerra, 10<\/span><br \/><span>08242 Manresa<\/span><br \/><span>Barcelona<\/span><\/p>\n<p>[\/et_pb_text][\/et_pb_column][et_pb_column type=\u00bb1_2&#8243; _builder_version=\u00bb4.9.4&#8243; _module_preset=\u00bbdefault\u00bb global_colors_info=\u00bb{}\u00bb][et_pb_text _builder_version=\u00bb4.9.4&#8243; _module_preset=\u00bbdefault\u00bb global_colors_info=\u00bb{}\u00bb]<\/p>\n<p><i class=\"far fa-envelope\"><\/i><a href=\"mailto:pianoconcert@pianoconcert.cat\"> pianoconcert@pianoconcert.cat<\/a><\/p>\n<p>[\/et_pb_text][et_pb_text _builder_version=\u00bb4.9.4&#8243; _module_preset=\u00bbdefault\u00bb global_colors_info=\u00bb{}\u00bb]<i class=\"fas fa-phone\"><\/i><a href=\"tel:938748555\"> 938 748 555<\/a>[\/et_pb_text][et_pb_text _builder_version=\u00bb4.9.4&#8243; _module_preset=\u00bbdefault\u00bb global_colors_info=\u00bb{}\u00bb]<i class=\"fab fa-whatsapp\"><\/i><a href=\"https:\/\/api.whatsapp.com\/send?phone=34609120101&#038;text=M%27agradaria%20rebre%20m%C3%A9s%20informacio%20sobre%20els%20vostres%20serveis.\"> 609 120 101<\/a>[\/et_pb_text][et_pb_text _builder_version=\u00bb4.9.4&#8243; _module_preset=\u00bbdefault\u00bb global_colors_info=\u00bb{}\u00bb]<i class=\"fas fa-map-marker-alt\"><\/i><a href=\"https:\/\/www.google.es\/maps\/place\/Carrer+del'Era+de+l'Esquerra,+10,+08242+Manresa,+Barcelona\/@41.7261359,1.8190093,17z\/data=!3m1!4b1!4m5!3m4!1s0x12a4586d4c13c4ab:0xdaaee186d2c738a8!8m2!3d41.7261319!4d1.821198\" target=\"_blank\" rel=\"noopener\"> Mapa<\/a>[\/et_pb_text][\/et_pb_column][\/et_pb_row][et_pb_row _builder_version=\u00bb4.9.4&#8243; _module_preset=\u00bbdefault\u00bb global_colors_info=\u00bb{}\u00bb][et_pb_column type=\u00bb4_4&#8243; _builder_version=\u00bb4.9.4&#8243; _module_preset=\u00bbdefault\u00bb global_colors_info=\u00bb{}\u00bb][et_pb_contact_form email=\u00bbpianoconcert@pianoconcert.cat\u00bb custom_message=\u00bbFormulari web:||et_pb_line_break_holder||||et_pb_line_break_holder||Nom: %%Name%%||et_pb_line_break_holder||Mail: %%Email%%||et_pb_line_break_holder||Missatge: %%Message%%\u00bb success_message=\u00bbGr\u00e0cies per contactar amb nosaltres!\u00bb submit_button_text=\u00bbEnviar\u00bb _builder_version=\u00bb4.14.8&#8243; _module_preset=\u00bbdefault\u00bb _unique_id=\u00bb76865c39-cd96-430a-a577-ce10b9cacbde\u00bb form_field_background_color=\u00bbRGBA(0,0,0,0)\u00bb form_field_focus_background_color=\u00bb#ededed\u00bb custom_button=\u00bbon\u00bb button_text_color=\u00bb#000000&#8243; button_border_color=\u00bb#dca47d\u00bb hover_enabled=\u00bb0&#8243; border_width_all=\u00bb1px\u00bb border_color_all=\u00bb#e2e2e2&#8243; global_colors_info=\u00bb{}\u00bb sticky_enabled=\u00bb0&#8243;][et_pb_contact_field field_id=\u00bbName\u00bb field_title=\u00bbNombre\u00bb _builder_version=\u00bb4.14.8&#8243; hover_enabled=\u00bb0&#8243; global_colors_info=\u00bb{}\u00bb button_text_size__hover_enabled=\u00bboff\u00bb button_one_text_size__hover_enabled=\u00bboff\u00bb button_two_text_size__hover_enabled=\u00bboff\u00bb button_text_color__hover_enabled=\u00bboff\u00bb button_one_text_color__hover_enabled=\u00bboff\u00bb button_two_text_color__hover_enabled=\u00bboff\u00bb button_border_width__hover_enabled=\u00bboff\u00bb button_one_border_width__hover_enabled=\u00bboff\u00bb button_two_border_width__hover_enabled=\u00bboff\u00bb button_border_color__hover_enabled=\u00bboff\u00bb button_one_border_color__hover_enabled=\u00bboff\u00bb button_two_border_color__hover_enabled=\u00bboff\u00bb button_border_radius__hover_enabled=\u00bboff\u00bb button_one_border_radius__hover_enabled=\u00bboff\u00bb button_two_border_radius__hover_enabled=\u00bboff\u00bb button_letter_spacing__hover_enabled=\u00bboff\u00bb button_one_letter_spacing__hover_enabled=\u00bboff\u00bb button_two_letter_spacing__hover_enabled=\u00bboff\u00bb button_bg_color__hover_enabled=\u00bboff\u00bb button_one_bg_color__hover_enabled=\u00bboff\u00bb button_two_bg_color__hover_enabled=\u00bboff\u00bb sticky_enabled=\u00bb0&#8243;][\/et_pb_contact_field][et_pb_contact_field field_id=\u00bbEmail\u00bb field_title=\u00bbE-Mail\u00bb field_type=\u00bbemail\u00bb _builder_version=\u00bb4.9.4&#8243; global_colors_info=\u00bb{}\u00bb button_text_size__hover_enabled=\u00bboff\u00bb button_one_text_size__hover_enabled=\u00bboff\u00bb button_two_text_size__hover_enabled=\u00bboff\u00bb button_text_color__hover_enabled=\u00bboff\u00bb button_one_text_color__hover_enabled=\u00bboff\u00bb button_two_text_color__hover_enabled=\u00bboff\u00bb button_border_width__hover_enabled=\u00bboff\u00bb button_one_border_width__hover_enabled=\u00bboff\u00bb button_two_border_width__hover_enabled=\u00bboff\u00bb button_border_color__hover_enabled=\u00bboff\u00bb button_one_border_color__hover_enabled=\u00bboff\u00bb button_two_border_color__hover_enabled=\u00bboff\u00bb button_border_radius__hover_enabled=\u00bboff\u00bb button_one_border_radius__hover_enabled=\u00bboff\u00bb button_two_border_radius__hover_enabled=\u00bboff\u00bb button_letter_spacing__hover_enabled=\u00bboff\u00bb button_one_letter_spacing__hover_enabled=\u00bboff\u00bb button_two_letter_spacing__hover_enabled=\u00bboff\u00bb button_bg_color__hover_enabled=\u00bboff\u00bb button_one_bg_color__hover_enabled=\u00bboff\u00bb button_two_bg_color__hover_enabled=\u00bboff\u00bb][\/et_pb_contact_field][et_pb_contact_field field_id=\u00bbMessage\u00bb field_title=\u00bbMensaje\u00bb field_type=\u00bbtext\u00bb fullwidth_field=\u00bbon\u00bb _builder_version=\u00bb4.14.8&#8243; hover_enabled=\u00bb0&#8243; global_colors_info=\u00bb{}\u00bb button_text_size__hover_enabled=\u00bboff\u00bb button_one_text_size__hover_enabled=\u00bboff\u00bb button_two_text_size__hover_enabled=\u00bboff\u00bb button_text_color__hover_enabled=\u00bboff\u00bb button_one_text_color__hover_enabled=\u00bboff\u00bb button_two_text_color__hover_enabled=\u00bboff\u00bb button_border_width__hover_enabled=\u00bboff\u00bb button_one_border_width__hover_enabled=\u00bboff\u00bb button_two_border_width__hover_enabled=\u00bboff\u00bb button_border_color__hover_enabled=\u00bboff\u00bb button_one_border_color__hover_enabled=\u00bboff\u00bb button_two_border_color__hover_enabled=\u00bboff\u00bb button_border_radius__hover_enabled=\u00bboff\u00bb button_one_border_radius__hover_enabled=\u00bboff\u00bb button_two_border_radius__hover_enabled=\u00bboff\u00bb button_letter_spacing__hover_enabled=\u00bboff\u00bb button_one_letter_spacing__hover_enabled=\u00bboff\u00bb button_two_letter_spacing__hover_enabled=\u00bboff\u00bb button_bg_color__hover_enabled=\u00bboff\u00bb button_one_bg_color__hover_enabled=\u00bboff\u00bb button_two_bg_color__hover_enabled=\u00bboff\u00bb sticky_enabled=\u00bb0&#8243;][\/et_pb_contact_field][\/et_pb_contact_form][\/et_pb_column][\/et_pb_row][\/et_pb_section]<\/p>\n","protected":false},"excerpt":{"rendered":"<p>Si est\u00e1s interesado en alguno de nuestros servicios, por favor, ponte en contacto con nosotros.Ll\u00e1manos al siguiente tel\u00e9fono:938 748 555O haz tu consulta envi\u00e1ndonos un mail:pianoconcert@pianoconcert.catEstaremos encantados de atenderte y resolver cualquier duda que puedas tener.LLOGUER DE PIANOS DE CONCERT, S.L.Era de L\u2019Esquerra, 1008242 ManresaBarcelona pianoconcert@pianoconcert.cat 938 748 555 609 120 101 Mapa<\/p>\n","protected":false},"author":1,"featured_media":0,"parent":0,"menu_order":0,"comment_status":"closed","ping_status":"closed","template":"","meta":{"_et_pb_use_builder":"on","_et_pb_old_content":"[et_pb_section fb_built=\"1\" _builder_version=\"4.9.4\" _module_preset=\"default\" custom_padding=\"33px|||||\" da_disable_devices=\"off|off|off\" global_colors_info=\"{}\" da_is_popup=\"off\" da_exit_intent=\"off\" da_has_close=\"on\" da_alt_close=\"off\" da_dark_close=\"off\" da_not_modal=\"on\" da_is_singular=\"off\" da_with_loader=\"off\" da_has_shadow=\"on\"][et_pb_row column_structure=\"1_2,1_2\" _builder_version=\"4.9.4\" _module_preset=\"default\" global_colors_info=\"{}\"][et_pb_column type=\"1_2\" _builder_version=\"4.9.4\" _module_preset=\"default\" global_colors_info=\"{}\"][et_pb_image src=\"https:\/\/pianoconcert.cat\/wp-content\/uploads\/2022\/01\/roser-optimitzada.png\" title_text=\"roser optimitzada\" _builder_version=\"4.9.4\" _module_preset=\"default\" width=\"77%\" module_alignment=\"center\" global_colors_info=\"{}\"][\/et_pb_image][\/et_pb_column][et_pb_column type=\"1_2\" _builder_version=\"4.9.4\" _module_preset=\"default\" global_colors_info=\"{}\"][et_pb_text _builder_version=\"4.9.4\" _module_preset=\"default\" text_font=\"|300|||||||\" text_font_size=\"22px\" text_orientation=\"center\" custom_margin=\"5%||||false|false\" global_colors_info=\"{}\"]<p>Si est\u00e0s interessat en algun dels nostres serveis, si us plau, posa't en contacte amb nosaltres.<\/p>[\/et_pb_text][et_pb_text _builder_version=\"4.9.4\" _module_preset=\"default\" text_font=\"|300|||||||\" text_font_size=\"22px\" text_orientation=\"center\" global_colors_info=\"{}\"]Truca'ns al seg\u00fcent tel\u00e8fon:[\/et_pb_text][et_pb_text _builder_version=\"4.9.4\" _module_preset=\"default\" text_font=\"|300|||||||\" text_font_size=\"22px\" text_orientation=\"center\" global_colors_info=\"{}\"]<p><a href=\"tel:938748555\">938 748 555<\/a><\/p>[\/et_pb_text][et_pb_text _builder_version=\"4.9.4\" _module_preset=\"default\" text_font=\"|300|||||||\" text_font_size=\"22px\" text_orientation=\"center\" global_colors_info=\"{}\"]<p>O fes la teva consulta enviant-nos un mail:<\/p>[\/et_pb_text][et_pb_text _builder_version=\"4.9.4\" _module_preset=\"default\" text_font=\"|300|||||||\" text_font_size=\"22px\" text_orientation=\"center\" global_colors_info=\"{}\"]<p><a href=\"mailto:pianoconcert@pianoconcert.cat\">pianoconcert@pianoconcert.cat<\/a><\/p>[\/et_pb_text][et_pb_text _builder_version=\"4.9.4\" _module_preset=\"default\" text_font=\"|300|||||||\" text_font_size=\"22px\" text_orientation=\"center\" global_colors_info=\"{}\"]Estarem encantats d'atendre't i de resoldre qualsevol dubte que puguis tenir.[\/et_pb_text][\/et_pb_column][\/et_pb_row][et_pb_row column_structure=\"1_2,1_2\" _builder_version=\"4.9.4\" _module_preset=\"default\" global_colors_info=\"{}\"][et_pb_column type=\"1_2\" _builder_version=\"4.9.4\" _module_preset=\"default\" global_colors_info=\"{}\"][et_pb_image src=\"https:\/\/pianoconcert.cat\/wp-content\/uploads\/2021\/04\/Logo-pianoconcert-6.png\" title_text=\"Logo-pianoconcert-6\" align=\"center\" _builder_version=\"4.9.4\" _module_preset=\"default\" background_color=\"#000000\" max_width=\"80%\" custom_padding=\"18px||31px||false|false\" global_colors_info=\"{}\"][\/et_pb_image][et_pb_text _builder_version=\"4.9.4\" _module_preset=\"default\" custom_padding=\"|||10%|false|false\" global_colors_info=\"{}\"]<p><span>LLOGUER DE PIANOS DE CONCERT, S.L.<\/span><br \/><span>Era de L\u2019Esquerra, 10<\/span><br \/><span>08242 Manresa<\/span><br \/><span>Barcelona<\/span><\/p>[\/et_pb_text][\/et_pb_column][et_pb_column type=\"1_2\" _builder_version=\"4.9.4\" _module_preset=\"default\" global_colors_info=\"{}\"][et_pb_text _builder_version=\"4.9.4\" _module_preset=\"default\" global_colors_info=\"{}\"]<p><i class=\"far fa-envelope\"><\/i><a href=\"mailto:pianoconcert@pianoconcert.cat\"> pianoconcert@pianoconcert.cat<\/a><\/p>[\/et_pb_text][et_pb_text _builder_version=\"4.9.4\" _module_preset=\"default\" global_colors_info=\"{}\"]<i class=\"fas fa-phone\"><\/i><a href=\"tel:938748555\"> 938 748 555<\/a>[\/et_pb_text][et_pb_text _builder_version=\"4.9.4\" _module_preset=\"default\" global_colors_info=\"{}\"]<i class=\"fab fa-whatsapp\"><\/i><a href=\"https:\/\/api.whatsapp.com\/send?phone=34609120101&text=M%27agradaria%20rebre%20m%C3%A9s%20informacio%20sobre%20els%20vostres%20serveis.\"> 609 120 101<\/a>[\/et_pb_text][et_pb_text _builder_version=\"4.9.4\" _module_preset=\"default\" global_colors_info=\"{}\"]<i class=\"fas fa-map-marker-alt\"><\/i><a href=\"https:\/\/www.google.es\/maps\/place\/Carrer+del'Era+de+l'Esquerra,+10,+08242+Manresa,+Barcelona\/@41.7261359,1.8190093,17z\/data=!3m1!4b1!4m5!3m4!1s0x12a4586d4c13c4ab:0xdaaee186d2c738a8!8m2!3d41.7261319!4d1.821198\" target=\"_blank\" rel=\"noopener\"> Mapa<\/a>[\/et_pb_text][\/et_pb_column][\/et_pb_row][et_pb_row _builder_version=\"4.9.4\" _module_preset=\"default\" global_colors_info=\"{}\"][et_pb_column type=\"4_4\" _builder_version=\"4.9.4\" _module_preset=\"default\" global_colors_info=\"{}\"][et_pb_contact_form email=\"pianoconcert@pianoconcert.cat\" custom_message=\"Formulari web:||et_pb_line_break_holder||||et_pb_line_break_holder||Nom: %%Name%%||et_pb_line_break_holder||Mail: %%Email%%||et_pb_line_break_holder||Missatge: %%Message%%\" submit_button_text=\"Enviar\" _builder_version=\"4.14.7\" _module_preset=\"default\" _unique_id=\"76865c39-cd96-430a-a577-ce10b9cacbde\" form_field_background_color=\"RGBA(0,0,0,0)\" form_field_focus_background_color=\"#ededed\" custom_button=\"on\" button_text_color=\"#000000\" button_border_color=\"#dca47d\" hover_enabled=\"0\" border_width_all=\"1px\" border_color_all=\"#e2e2e2\" global_colors_info=\"{}\" success_message=\"Gr\u00e0cies per contactar amb nosaltres!\" sticky_enabled=\"0\"][et_pb_contact_field field_id=\"Name\" field_title=\"Nom\" _builder_version=\"4.9.4\" global_colors_info=\"{}\" button_text_size__hover_enabled=\"off\" button_one_text_size__hover_enabled=\"off\" button_two_text_size__hover_enabled=\"off\" button_text_color__hover_enabled=\"off\" button_one_text_color__hover_enabled=\"off\" button_two_text_color__hover_enabled=\"off\" button_border_width__hover_enabled=\"off\" button_one_border_width__hover_enabled=\"off\" button_two_border_width__hover_enabled=\"off\" button_border_color__hover_enabled=\"off\" button_one_border_color__hover_enabled=\"off\" button_two_border_color__hover_enabled=\"off\" button_border_radius__hover_enabled=\"off\" button_one_border_radius__hover_enabled=\"off\" button_two_border_radius__hover_enabled=\"off\" button_letter_spacing__hover_enabled=\"off\" button_one_letter_spacing__hover_enabled=\"off\" button_two_letter_spacing__hover_enabled=\"off\" button_bg_color__hover_enabled=\"off\" button_one_bg_color__hover_enabled=\"off\" button_two_bg_color__hover_enabled=\"off\"][\/et_pb_contact_field][et_pb_contact_field field_id=\"Email\" field_title=\"E-Mail\" field_type=\"email\" _builder_version=\"4.9.4\" global_colors_info=\"{}\" button_text_size__hover_enabled=\"off\" button_one_text_size__hover_enabled=\"off\" button_two_text_size__hover_enabled=\"off\" button_text_color__hover_enabled=\"off\" button_one_text_color__hover_enabled=\"off\" button_two_text_color__hover_enabled=\"off\" button_border_width__hover_enabled=\"off\" button_one_border_width__hover_enabled=\"off\" button_two_border_width__hover_enabled=\"off\" button_border_color__hover_enabled=\"off\" button_one_border_color__hover_enabled=\"off\" button_two_border_color__hover_enabled=\"off\" button_border_radius__hover_enabled=\"off\" button_one_border_radius__hover_enabled=\"off\" button_two_border_radius__hover_enabled=\"off\" button_letter_spacing__hover_enabled=\"off\" button_one_letter_spacing__hover_enabled=\"off\" button_two_letter_spacing__hover_enabled=\"off\" button_bg_color__hover_enabled=\"off\" button_one_bg_color__hover_enabled=\"off\" button_two_bg_color__hover_enabled=\"off\"][\/et_pb_contact_field][et_pb_contact_field field_id=\"Message\" field_title=\"Missatge\" field_type=\"text\" fullwidth_field=\"on\" _builder_version=\"4.14.7\" global_colors_info=\"{}\" button_text_size__hover_enabled=\"off\" button_one_text_size__hover_enabled=\"off\" button_two_text_size__hover_enabled=\"off\" button_text_color__hover_enabled=\"off\" button_one_text_color__hover_enabled=\"off\" button_two_text_color__hover_enabled=\"off\" button_border_width__hover_enabled=\"off\" button_one_border_width__hover_enabled=\"off\" button_two_border_width__hover_enabled=\"off\" button_border_color__hover_enabled=\"off\" button_one_border_color__hover_enabled=\"off\" button_two_border_color__hover_enabled=\"off\" button_border_radius__hover_enabled=\"off\" button_one_border_radius__hover_enabled=\"off\" button_two_border_radius__hover_enabled=\"off\" button_letter_spacing__hover_enabled=\"off\" button_one_letter_spacing__hover_enabled=\"off\" button_two_letter_spacing__hover_enabled=\"off\" button_bg_color__hover_enabled=\"off\" button_one_bg_color__hover_enabled=\"off\" button_two_bg_color__hover_enabled=\"off\"][\/et_pb_contact_field][\/et_pb_contact_form][\/et_pb_column][\/et_pb_row][\/et_pb_section]","_et_gb_content_width":""},"_links":{"self":[{"href":"https:\/\/pianoconcert.cat\/es\/wp-json\/wp\/v2\/pages\/429"}],"collection":[{"href":"https:\/\/pianoconcert.cat\/es\/wp-json\/wp\/v2\/pages"}],"about":[{"href":"https:\/\/pianoconcert.cat\/es\/wp-json\/wp\/v2\/types\/page"}],"author":[{"embeddable":true,"href":"https:\/\/pianoconcert.cat\/es\/wp-json\/wp\/v2\/users\/1"}],"replies":[{"embeddable":true,"href":"https:\/\/pianoconcert.cat\/es\/wp-json\/wp\/v2\/comments?post=429"}],"version-history":[{"count":3,"href":"https:\/\/pianoconcert.cat\/es\/wp-json\/wp\/v2\/pages\/429\/revisions"}],"predecessor-version":[{"id":432,"href":"https:\/\/pianoconcert.cat\/es\/wp-json\/wp\/v2\/pages\/429\/revisions\/432"}],"wp:attachment":[{"href":"https:\/\/pianoconcert.cat\/es\/wp-json\/wp\/v2\/media?parent=429"}],"curies":[{"name":"wp","href":"https:\/\/api.w.org\/{rel}","templated":true}]}}